{"id":134,"date":"2025-11-19T19:51:14","date_gmt":"2025-11-19T16:51:14","guid":{"rendered":"https:\/\/boattourkekova.com\/?page_id=134"},"modified":"2025-11-19T20:18:14","modified_gmt":"2025-11-19T17:18:14","slug":"kekova-boat-tour-from-ucagiz-visit-the-kekova-sunken-city","status":"publish","type":"page","link":"https:\/\/boattourkekova.com\/tr\/kekova-boat-tour-from-ucagiz-visit-the-kekova-sunken-city\/","title":{"rendered":"\u00dc\u00e7a\u011f\u0131z'dan Kekova Tekne Turu | Kekova Bat\u0131k \u015eehri'ni ziyaret edin"},"content":{"rendered":"<p><!DOCTYPE html><br \/>\n<html lang=\"en\"><br \/>\n<head><br \/>\n    <meta charset=\"UTF-8\"><br \/>\n    <meta name=\"viewport\" content=\"width=device-width, initial-scale=1.0\"><br \/>\n    <meta name=\"description\" content=\"Explore the Kekova Sunken City with boat tours departing from \u00dc\u00e7a\u011f\u0131z. Discover ancient Lycian ruins, turquoise bays and the stunning beauty of Kekova.\"><br \/>\n    <title>Kekova Boat Tour from \u00dc\u00e7a\u011f\u0131z | Kekova Sunken City<\/title><br \/>\n<\/head><\/p>\n<p><body><\/p>\n<h1>\u00dc\u00e7a\u011f\u0131z'dan Kekova Tekne Turu<\/h1>\n<p>\n        Nefes kesen g\u00fczellikleri ke\u015ffetmek i\u00e7in en iyi ba\u015flang\u0131\u00e7 \u200b\u200bnoktas\u0131 <strong>Kekova<\/strong> \u00f6yle<br \/>\n        huzurlu ve tarihi Likya k\u00f6y\u00fc <strong>\u00dc\u00e7a\u011f\u0131z<\/strong>En yak\u0131n liman olarak<br \/>\n        to the <strong>Kekova Bat\u0131k \u015eehir<\/strong>\u00dc\u00e7a\u011f\u0131z ziyaret\u00e7ilere en do\u011frudan ve rahat rotay\u0131 sunuyor<br \/>\n        bu e\u015fsiz arkeolojik alana.\n    <\/p>\n<h2>Kekova Bat\u0131k \u015eehri Hakk\u0131nda<\/h2>\n<p>\n        The <strong>Kekova Bat\u0131k \u015eehri<\/strong> tarihi antik Likya uygarl\u0131\u011f\u0131na kadar uzanmaktad\u0131r.<br \/>\n        MS 2. y\u00fczy\u0131lda meydana gelen b\u00fcy\u00fck bir deprem, yerle\u015fimin bir k\u0131sm\u0131n\u0131n denizin alt\u0131na g\u00f6m\u00fclmesine neden oldu.<br \/>\n        \u00dc\u00e7a\u011f\u0131z'dan tekne turlar\u0131, ev temellerinin a\u00e7\u0131k\u00e7a g\u00f6r\u00fclebildi\u011fi su alt\u0131ndaki kal\u0131nt\u0131lar\u0131n \u00fczerinden do\u011frudan ge\u00e7er.<br \/>\n        antik liman duvarlar\u0131 ve me\u015fhur bat\u0131k merdivenler.\n    <\/p>\n<h2>\u00dc\u00e7a\u011f\u0131z - Kekova Tekne Turu Neleri Kaps\u0131yor?<\/h2>\n<ul>\n<li>Kekova Bat\u0131k \u015eehri Ziyareti<\/li>\n<li>Simena'da (Kalek\u00f6y) mola<\/li>\n<li>Akvaryum Koyu, Tersane Koyu ve di\u011fer do\u011fal koylarda y\u00fczme molalar\u0131<\/li>\n<li>Antik Likya kal\u0131nt\u0131lar\u0131n\u0131n ke\u015ffi<\/li>\n<li>Y\u00fczme, \u015fnorkelli y\u00fczme ve foto\u011fraf\u00e7\u0131l\u0131k f\u0131rsatlar\u0131<\/li>\n<\/ul>\n<h2>Tura \u00dc\u00e7a\u011f\u0131z'dan Ba\u015flaman\u0131n Avantajlar\u0131<\/h2>\n<p>\n        \u00dc\u00e7a\u011f\u0131z, Kekova'ya en yak\u0131n nokta oldu\u011fundan, seyahat s\u00fcresi \u00f6nemli \u00f6l\u00e7\u00fcde daha k\u0131sad\u0131r ve bu da<br \/>\n        <strong>koylar\u0131 ve tarihi yerleri ke\u015ffetmek i\u00e7in daha fazla zaman<\/strong>Bu, \u00dc\u00e7a\u011f\u0131z'\u0131 en \u00e7ok tavsiye edilen yer haline getiriyor<br \/>\n        Verimli ve dinlendirici bir Kekova deneyiminin ba\u015flang\u0131\u00e7 \u200b\u200bnoktas\u0131.\n    <\/p>\n<h2>\u00dc\u00e7a\u011f\u0131z'a Nas\u0131l Gidilir<\/h2>\n<p>\n        \u00dc\u00e7a\u011f\u0131z K\u00f6y\u00fc, Antalya'n\u0131n Demre il\u00e7esine ba\u011fl\u0131 bir k\u00f6yd\u00fcr.<br \/>\n        Ka\u015f'a yakla\u015f\u0131k 35 km, Demre il\u00e7e merkezine ise yakla\u015f\u0131k 20 dakika uzakl\u0131ktad\u0131r.<br \/>\n        Daily boat tours to Kekova are available directly from the \u00dc\u00e7a\u011f\u0131z harbor.\n    <\/p>\n<h2>\u00dc\u00e7a\u011f\u0131z \u00c7\u0131k\u0131\u015fl\u0131 Kekova Tekne Turu Fiyatlar\u0131<\/h2>\n<p>\n        \u00dc\u00e7a\u011f\u0131z'dan Kekova tekne turlar\u0131n\u0131n fiyatlar\u0131 sezona, tekne t\u00fcr\u00fcne ve teknenin bulundu\u011fu yere g\u00f6re de\u011fi\u015fiklik g\u00f6stermektedir.<br \/>\n        Dahil olan hizmetler. En g\u00fcncel fiyat bilgisi i\u00e7in l\u00fctfen bizimle ileti\u015fime ge\u00e7in.\n    <\/p>\n<h2>Neden \u00dc\u00e7a\u011f\u0131z'dan Kekova Tekne Turu'nu Se\u00e7melisiniz?<\/h2>\n<ul>\n<li>Bat\u0131k \u015eehre giden en k\u0131sa yol<\/li>\n<li>Huzurlu ve daha az kalabal\u0131k bir ba\u015flang\u0131\u00e7 \u200b\u200bnoktas\u0131<\/li>\n<li>Tarihi Likya kal\u0131nt\u0131lar\u0131na do\u011frudan eri\u015fim<\/li>\n<li>Bozulmam\u0131\u015f koylar\u0131n ve y\u00fczme alanlar\u0131n\u0131n tad\u0131n\u0131 \u00e7\u0131karmak i\u00e7in daha fazla zaman<\/li>\n<\/ul>\n<p>\n        Tarih ve do\u011fan\u0131n m\u00fckemmel birle\u015fimini arayan gezginler i\u00e7in<br \/>\n        <strong>\u00dc\u00e7a\u011f\u0131z'dan Kekova tekne turu<\/strong> ideal bir se\u00e7imdir.<br \/>\n        Turunuzu hemen ay\u0131rt\u0131n ve Akdeniz'in en b\u00fcy\u00fcleyici destinasyonlar\u0131ndan birini ke\u015ffedin.\n    <\/p>\n<p><\/body><br \/>\n<\/html><\/p>","protected":false},"excerpt":{"rendered":"<p>Kekova Boat Tour from \u00dc\u00e7a\u011f\u0131z | Kekova Sunken City Kekova Boat Tour from \u00dc\u00e7a\u011f\u0131z The best starting point to explore the breathtaking beauty of Kekova is the peaceful and historical Lycian village of \u00dc\u00e7a\u011f\u0131z. As the closest harbor to the Kekova Sunken City, \u00dc\u00e7a\u011f\u0131z offers visitors the most direct and convenient route to this unique [&hellip;]<\/p>\n","protected":false},"author":273522976,"featured_media":0,"parent":0,"menu_order":0,"comment_status":"closed","ping_status":"closed","template":"","meta":{"footnotes":""},"class_list":["post-134","page","type-page","status-publish","hentry"],"aioseo_notices":[],"jetpack_likes_enabled":true,"jetpack_sharing_enabled":true,"jetpack_shortlink":"https:\/\/wp.me\/PgUQZ1-2a","jetpack-related-posts":[],"_links":{"self":[{"href":"https:\/\/boattourkekova.com\/tr\/wp-json\/wp\/v2\/pages\/134","targetHints":{"allow":["GET"]}}],"collection":[{"href":"https:\/\/boattourkekova.com\/tr\/wp-json\/wp\/v2\/pages"}],"about":[{"href":"https:\/\/boattourkekova.com\/tr\/wp-json\/wp\/v2\/types\/page"}],"author":[{"embeddable":true,"href":"https:\/\/boattourkekova.com\/tr\/wp-json\/wp\/v2\/users\/273522976"}],"replies":[{"embeddable":true,"href":"https:\/\/boattourkekova.com\/tr\/wp-json\/wp\/v2\/comments?post=134"}],"version-history":[{"count":0,"href":"https:\/\/boattourkekova.com\/tr\/wp-json\/wp\/v2\/pages\/134\/revisions"}],"wp:attachment":[{"href":"https:\/\/boattourkekova.com\/tr\/wp-json\/wp\/v2\/media?parent=134"}],"curies":[{"name":"wp","href":"https:\/\/api.w.org\/{rel}","templated":true}]}}